{"id":21270,"date":"2024-03-11T11:30:38","date_gmt":"2024-03-11T11:30:38","guid":{"rendered":"https:\/\/andreavilallonga.es\/maitre-de-ceremonie\/"},"modified":"2024-04-17T11:03:04","modified_gmt":"2024-04-17T11:03:04","slug":"maitre-de-ceremonie","status":"publish","type":"page","link":"https:\/\/andreavilallonga.es\/fr\/maitre-de-ceremonie\/","title":{"rendered":"Ma\u00eetre de c\u00e9r\u00e9monie"},"content":{"rendered":"\t\t<div data-elementor-type=\"wp-page\" data-elementor-id=\"21270\" class=\"elementor elementor-21270 elementor-17420\">\n\t\t\t\t<div class=\"elementor-element elementor-element-42edb61 e-flex e-con-boxed e-con e-parent\" data-id=\"42edb61\" data-element_type=\"container\" data-settings=\"{&quot;background_background&quot;:&quot;classic&quot;}\">\n\t\t\t\t\t<div class=\"e-con-inner\">\n\t\t\t\t<div class=\"elementor-element elementor-element-d5cd857 elementor-widget elementor-widget-heading\" data-id=\"d5cd857\" data-element_type=\"widget\" data-widget_type=\"heading.default\">\n\t\t\t\t<div class=\"elementor-widget-container\">\n\t\t\t\t\t<h2 class=\"elementor-heading-title elementor-size-default\">MA\u00ceTRE DE C\u00c9R\u00c9MONIE\n<\/h2>\t\t\t\t<\/div>\n\t\t\t\t<\/div>\n\t\t\t\t\t<\/div>\n\t\t\t\t<\/div>\n\t\t<div class=\"elementor-element elementor-element-dca14d2 e-flex e-con-boxed e-con e-parent\" data-id=\"dca14d2\" data-element_type=\"container\">\n\t\t\t\t\t<div class=\"e-con-inner\">\n\t\t<div class=\"elementor-element elementor-element-4ca2515 e-flex e-con-boxed e-con e-child\" data-id=\"4ca2515\" data-element_type=\"container\" data-settings=\"{&quot;background_background&quot;:&quot;classic&quot;}\">\n\t\t\t\t\t<div class=\"e-con-inner\">\n\t\t\t\t<div class=\"elementor-element elementor-element-fbca92d elementor-widget elementor-widget-heading\" data-id=\"fbca92d\" data-element_type=\"widget\" data-widget_type=\"heading.default\">\n\t\t\t\t<div class=\"elementor-widget-container\">\n\t\t\t\t\t<h2 class=\"elementor-heading-title elementor-size-default\">Pr\u00e9senter des \u00e9v\u00e9nements, mod\u00e9rez des d\u00e9bats et dynamisez des \u00e9v\u00e9nements avec \u00e9nergie et humour.\n<\/h2>\t\t\t\t<\/div>\n\t\t\t\t<\/div>\n\t\t\t\t\t<\/div>\n\t\t\t\t<\/div>\n\t\t\t\t\t<\/div>\n\t\t\t\t<\/div>\n\t\t<div class=\"elementor-element elementor-element-bd9e8cc e-flex e-con-boxed e-con e-parent\" data-id=\"bd9e8cc\" data-element_type=\"container\">\n\t\t\t\t\t<div class=\"e-con-inner\">\n\t\t<div class=\"elementor-element elementor-element-aa38224 e-flex e-con-boxed e-con e-child\" data-id=\"aa38224\" data-element_type=\"container\" data-settings=\"{&quot;background_background&quot;:&quot;classic&quot;}\">\n\t\t\t\t\t<div class=\"e-con-inner\">\n\t\t<div class=\"elementor-element elementor-element-0fde4fe e-flex e-con-boxed e-con e-child\" data-id=\"0fde4fe\" data-element_type=\"container\" data-settings=\"{&quot;background_background&quot;:&quot;classic&quot;}\">\n\t\t\t\t\t<div class=\"e-con-inner\">\n\t\t<div class=\"elementor-element elementor-element-9d9b43b e-flex e-con-boxed e-con e-child\" data-id=\"9d9b43b\" data-element_type=\"container\">\n\t\t\t\t\t<div class=\"e-con-inner\">\n\t\t<div class=\"elementor-element elementor-element-8e0ab90 e-flex e-con-boxed e-con e-child\" data-id=\"8e0ab90\" data-element_type=\"container\" data-settings=\"{&quot;background_background&quot;:&quot;classic&quot;}\">\n\t\t\t\t\t<div class=\"e-con-inner\">\n\t\t\t\t<div class=\"elementor-element elementor-element-ca7ea1b elementor-widget elementor-widget-heading\" data-id=\"ca7ea1b\" data-element_type=\"widget\" data-widget_type=\"heading.default\">\n\t\t\t\t<div class=\"elementor-widget-container\">\n\t\t\t\t\t<h2 class=\"elementor-heading-title elementor-size-default\">Ma\u00eetre de c\u00e9r\u00e9monie<\/h2>\t\t\t\t<\/div>\n\t\t\t\t<\/div>\n\t\t<div class=\"elementor-element elementor-element-6eca125 elementor-hidden-desktop elementor-hidden-tablet e-flex e-con-boxed e-con e-child\" data-id=\"6eca125\" data-element_type=\"container\">\n\t\t\t\t\t<div class=\"e-con-inner\">\n\t\t\t\t<div class=\"elementor-element elementor-element-bfb0703 elementor-widget elementor-widget-heading\" data-id=\"bfb0703\" data-element_type=\"widget\" data-widget_type=\"heading.default\">\n\t\t\t\t<div class=\"elementor-widget-container\">\n\t\t\t\t\t<h2 class=\"elementor-heading-title elementor-size-default\">Pr\u00e9sentiel<\/h2>\t\t\t\t<\/div>\n\t\t\t\t<\/div>\n\t\t\t\t<div class=\"elementor-element elementor-element-2571c1e elementor-widget elementor-widget-heading\" data-id=\"2571c1e\" data-element_type=\"widget\" data-widget_type=\"heading.default\">\n\t\t\t\t<div class=\"elementor-widget-container\">\n\t\t\t\t\t<h2 class=\"elementor-heading-title elementor-size-default\">Online<\/h2>\t\t\t\t<\/div>\n\t\t\t\t<\/div>\n\t\t\t\t\t<\/div>\n\t\t\t\t<\/div>\n\t\t\t\t<div class=\"elementor-element elementor-element-6c7c33e elementor-widget elementor-widget-button\" data-id=\"6c7c33e\" data-element_type=\"widget\" data-widget_type=\"button.default\">\n\t\t\t\t<div class=\"elementor-widget-container\">\n\t\t\t\t\t\t\t\t\t<div class=\"elementor-button-wrapper\">\n\t\t\t\t\t<a class=\"elementor-button elementor-button-link elementor-size-sm\" href=\"https:\/\/andreavilallonga.es\/fr\/contacter\/\">\n\t\t\t\t\t\t<span class=\"elementor-button-content-wrapper\">\n\t\t\t\t\t\t\t\t\t<span class=\"elementor-button-text\">Contacter<\/span>\n\t\t\t\t\t<\/span>\n\t\t\t\t\t<\/a>\n\t\t\t\t<\/div>\n\t\t\t\t\t\t\t\t<\/div>\n\t\t\t\t<\/div>\n\t\t\t\t\t<\/div>\n\t\t\t\t<\/div>\n\t\t<div class=\"elementor-element elementor-element-0939328 elementor-hidden-mobile e-flex e-con-boxed e-con e-child\" data-id=\"0939328\" data-element_type=\"container\">\n\t\t\t\t\t<div class=\"e-con-inner\">\n\t\t\t\t<div class=\"elementor-element elementor-element-b2058da elementor-widget elementor-widget-heading\" data-id=\"b2058da\" data-element_type=\"widget\" data-widget_type=\"heading.default\">\n\t\t\t\t<div class=\"elementor-widget-container\">\n\t\t\t\t\t<h2 class=\"elementor-heading-title elementor-size-default\">Pr\u00e9sentiel<\/h2>\t\t\t\t<\/div>\n\t\t\t\t<\/div>\n\t\t\t\t<div class=\"elementor-element elementor-element-91112e5 elementor-widget elementor-widget-heading\" data-id=\"91112e5\" data-element_type=\"widget\" data-widget_type=\"heading.default\">\n\t\t\t\t<div class=\"elementor-widget-container\">\n\t\t\t\t\t<h2 class=\"elementor-heading-title elementor-size-default\">Online<\/h2>\t\t\t\t<\/div>\n\t\t\t\t<\/div>\n\t\t\t\t\t<\/div>\n\t\t\t\t<\/div>\n\t\t\t\t\t<\/div>\n\t\t\t\t<\/div>\n\t\t<div class=\"elementor-element elementor-element-961baec e-flex e-con-boxed e-con e-child\" data-id=\"961baec\" data-element_type=\"container\">\n\t\t\t\t\t<div class=\"e-con-inner\">\n\t\t\t\t<div class=\"elementor-element elementor-element-896cefd elementor-widget elementor-widget-video\" data-id=\"896cefd\" data-element_type=\"widget\" data-settings=\"{&quot;youtube_url&quot;:&quot;https:\\\/\\\/www.youtube.com\\\/watch?v=fVsocdZPD0M&quot;,&quot;video_type&quot;:&quot;youtube&quot;,&quot;controls&quot;:&quot;yes&quot;}\" data-widget_type=\"video.default\">\n\t\t\t\t<div class=\"elementor-widget-container\">\n\t\t\t\t\t\t\t<div class=\"elementor-wrapper elementor-open-inline\">\n\t\t\t<div class=\"elementor-video\"><\/div>\t\t<\/div>\n\t\t\t\t\t\t<\/div>\n\t\t\t\t<\/div>\n\t\t\t\t<div class=\"elementor-element elementor-element-0e7b382 elementor-widget elementor-widget-text-editor\" data-id=\"0e7b382\" data-element_type=\"widget\" data-widget_type=\"text-editor.default\">\n\t\t\t\t<div class=\"elementor-widget-container\">\n\t\t\t\t\t\t\t\t\t<p>Creer des dynamiques, sc\u00e9nariser et pr\u00e9senter des \u00e9v\u00e9nements corporatifs, que ce soit en pr\u00e9sentiel ou en ligne, est ma sp\u00e9cialit\u00e9.<br \/>Ma marque de fabrique est l\u2019\u00e9nergie et la positivit\u00e9 que j\u2019insuffle dans chaque pr\u00e9sentation.<br \/>Mon approche se caract\u00e9rise par la spontan\u00e9it\u00e9, l\u2019audace et la capacit\u00e9 d\u2019improvisation, le tout pr\u00e9sent\u00e9 avec un style d\u00e9contract\u00e9 et naturel.<br \/>Des \u00e9v\u00e9nements complets aux tables rondes, en passant par la remise de dipl\u00f4mes , je m\u2019adapte \u00e0 tous les secteurs ou domaines avec enthousiasme et professionnalisme.<br \/>Faites en sorte que votre \u00e9v\u00e9nement brille par son authenticit\u00e9 et son dynamisme !<\/p>\n\t\t\t\t\t\t\t\t<\/div>\n\t\t\t\t<\/div>\n\t\t<div class=\"elementor-element elementor-element-7013be8 e-flex e-con-boxed e-con e-child\" data-id=\"7013be8\" data-element_type=\"container\" data-settings=\"{&quot;background_background&quot;:&quot;classic&quot;}\">\n\t\t\t\t\t<div class=\"e-con-inner\">\n\t\t\t\t<div class=\"elementor-element elementor-element-5606cc7 elementor-widget elementor-widget-heading\" data-id=\"5606cc7\" data-element_type=\"widget\" data-widget_type=\"heading.default\">\n\t\t\t\t<div class=\"elementor-widget-container\">\n\t\t\t\t\t<h2 class=\"elementor-heading-title elementor-size-default\">Cette activit\u00e9 peut se faire en espagnol, catalan, anglais ou Fran\u00e7ais.\n\n<\/h2>\t\t\t\t<\/div>\n\t\t\t\t<\/div>\n\t\t\t\t\t<\/div>\n\t\t\t\t<\/div>\n\t\t\t\t\t<\/div>\n\t\t\t\t<\/div>\n\t\t\t\t\t<\/div>\n\t\t\t\t<\/div>\n\t\t\t\t\t<\/div>\n\t\t\t\t<\/div>\n\t\t\t\t\t<\/div>\n\t\t\t\t<\/div>\n\t\t\t\t<\/div>\n\t\t","protected":false},"excerpt":{"rendered":"<p>MA\u00ceTRE DE C\u00c9R\u00c9MONIE Pr\u00e9senter des \u00e9v\u00e9nements, mod\u00e9rez des d\u00e9bats et dynamisez des \u00e9v\u00e9nements avec \u00e9nergie et humour. Ma\u00eetre de c\u00e9r\u00e9monie Pr\u00e9sentiel Online Contacter Pr\u00e9sentiel Online https:\/\/www.youtube.com\/watch?v=fVsocdZPD0M Creer des dynamiques, sc\u00e9nariser et pr\u00e9senter des \u00e9v\u00e9nements corporatifs, que ce soit en pr\u00e9sentiel ou en ligne, est ma sp\u00e9cialit\u00e9.Ma marque de fabrique est l\u2019\u00e9nergie et la positivit\u00e9 que [&hellip;]<\/p>\n","protected":false},"author":1,"featured_media":0,"parent":0,"menu_order":0,"comment_status":"closed","ping_status":"closed","template":"","meta":{"_acf_changed":false,"footnotes":""},"class_list":["post-21270","page","type-page","status-publish","hentry"],"acf":[],"yoast_head":"<!-- This site is optimized with the Yoast SEO plugin v27.5 - https:\/\/yoast.com\/product\/yoast-seo-wordpress\/ -->\n<title>Ma\u00eetre de c\u00e9r\u00e9monie - Andrea Vilallonga<\/title>\n<meta name=\"robots\" content=\"noindex, follow, max-snippet:-1, max-image-preview:large, max-video-preview:-1\" \/>\n<meta property=\"og:locale\" content=\"fr_FR\" \/>\n<meta property=\"og:type\" content=\"article\" \/>\n<meta property=\"og:title\" content=\"Ma\u00eetre de c\u00e9r\u00e9monie - Andrea Vilallonga\" \/>\n<meta property=\"og:description\" content=\"MA\u00ceTRE DE C\u00c9R\u00c9MONIE Pr\u00e9senter des \u00e9v\u00e9nements, mod\u00e9rez des d\u00e9bats et dynamisez des \u00e9v\u00e9nements avec \u00e9nergie et humour. Ma\u00eetre de c\u00e9r\u00e9monie Pr\u00e9sentiel Online Contacter Pr\u00e9sentiel Online https:\/\/www.youtube.com\/watch?v=fVsocdZPD0M Creer des dynamiques, sc\u00e9nariser et pr\u00e9senter des \u00e9v\u00e9nements corporatifs, que ce soit en pr\u00e9sentiel ou en ligne, est ma sp\u00e9cialit\u00e9.Ma marque de fabrique est l\u2019\u00e9nergie et la positivit\u00e9 que [&hellip;]\" \/>\n<meta property=\"og:url\" content=\"https:\/\/andreavilallonga.es\/fr\/maitre-de-ceremonie\/\" \/>\n<meta property=\"og:site_name\" content=\"Andrea Vilallonga\" \/>\n<meta property=\"article:modified_time\" content=\"2024-04-17T11:03:04+00:00\" \/>\n<meta name=\"twitter:card\" content=\"summary_large_image\" \/>\n<meta name=\"twitter:label1\" content=\"Dur\u00e9e de lecture estim\u00e9e\" \/>\n\t<meta name=\"twitter:data1\" content=\"1 minute\" \/>\n<script type=\"application\/ld+json\" class=\"yoast-schema-graph\">{\"@context\":\"https:\\\/\\\/schema.org\",\"@graph\":[{\"@type\":\"WebPage\",\"@id\":\"https:\\\/\\\/andreavilallonga.es\\\/fr\\\/maitre-de-ceremonie\\\/\",\"url\":\"https:\\\/\\\/andreavilallonga.es\\\/fr\\\/maitre-de-ceremonie\\\/\",\"name\":\"Ma\u00eetre de c\u00e9r\u00e9monie - Andrea Vilallonga\",\"isPartOf\":{\"@id\":\"https:\\\/\\\/andreavilallonga.es\\\/fr\\\/#website\"},\"datePublished\":\"2024-03-11T11:30:38+00:00\",\"dateModified\":\"2024-04-17T11:03:04+00:00\",\"breadcrumb\":{\"@id\":\"https:\\\/\\\/andreavilallonga.es\\\/fr\\\/maitre-de-ceremonie\\\/#breadcrumb\"},\"inLanguage\":\"fr-FR\",\"potentialAction\":[{\"@type\":\"ReadAction\",\"target\":[\"https:\\\/\\\/andreavilallonga.es\\\/fr\\\/maitre-de-ceremonie\\\/\"]}]},{\"@type\":\"BreadcrumbList\",\"@id\":\"https:\\\/\\\/andreavilallonga.es\\\/fr\\\/maitre-de-ceremonie\\\/#breadcrumb\",\"itemListElement\":[{\"@type\":\"ListItem\",\"position\":1,\"name\":\"Portada\",\"item\":\"https:\\\/\\\/andreavilallonga.es\\\/fr\\\/\"},{\"@type\":\"ListItem\",\"position\":2,\"name\":\"Ma\u00eetre de c\u00e9r\u00e9monie\"}]},{\"@type\":\"WebSite\",\"@id\":\"https:\\\/\\\/andreavilallonga.es\\\/fr\\\/#website\",\"url\":\"https:\\\/\\\/andreavilallonga.es\\\/fr\\\/\",\"name\":\"Andrea Vilallonga\",\"description\":\"Andrea Vilallonga | Experta en comunicaci\u00f3n e impacto positivo : Andrea Vilallonga\",\"potentialAction\":[{\"@type\":\"SearchAction\",\"target\":{\"@type\":\"EntryPoint\",\"urlTemplate\":\"https:\\\/\\\/andreavilallonga.es\\\/fr\\\/?s={search_term_string}\"},\"query-input\":{\"@type\":\"PropertyValueSpecification\",\"valueRequired\":true,\"valueName\":\"search_term_string\"}}],\"inLanguage\":\"fr-FR\"}]}<\/script>\n<!-- \/ Yoast SEO plugin. -->","yoast_head_json":{"title":"Ma\u00eetre de c\u00e9r\u00e9monie - Andrea Vilallonga","robots":{"index":"noindex","follow":"follow","max-snippet":"max-snippet:-1","max-image-preview":"max-image-preview:large","max-video-preview":"max-video-preview:-1"},"og_locale":"fr_FR","og_type":"article","og_title":"Ma\u00eetre de c\u00e9r\u00e9monie - Andrea Vilallonga","og_description":"MA\u00ceTRE DE C\u00c9R\u00c9MONIE Pr\u00e9senter des \u00e9v\u00e9nements, mod\u00e9rez des d\u00e9bats et dynamisez des \u00e9v\u00e9nements avec \u00e9nergie et humour. Ma\u00eetre de c\u00e9r\u00e9monie Pr\u00e9sentiel Online Contacter Pr\u00e9sentiel Online https:\/\/www.youtube.com\/watch?v=fVsocdZPD0M Creer des dynamiques, sc\u00e9nariser et pr\u00e9senter des \u00e9v\u00e9nements corporatifs, que ce soit en pr\u00e9sentiel ou en ligne, est ma sp\u00e9cialit\u00e9.Ma marque de fabrique est l\u2019\u00e9nergie et la positivit\u00e9 que [&hellip;]","og_url":"https:\/\/andreavilallonga.es\/fr\/maitre-de-ceremonie\/","og_site_name":"Andrea Vilallonga","article_modified_time":"2024-04-17T11:03:04+00:00","twitter_card":"summary_large_image","twitter_misc":{"Dur\u00e9e de lecture estim\u00e9e":"1 minute"},"schema":{"@context":"https:\/\/schema.org","@graph":[{"@type":"WebPage","@id":"https:\/\/andreavilallonga.es\/fr\/maitre-de-ceremonie\/","url":"https:\/\/andreavilallonga.es\/fr\/maitre-de-ceremonie\/","name":"Ma\u00eetre de c\u00e9r\u00e9monie - Andrea Vilallonga","isPartOf":{"@id":"https:\/\/andreavilallonga.es\/fr\/#website"},"datePublished":"2024-03-11T11:30:38+00:00","dateModified":"2024-04-17T11:03:04+00:00","breadcrumb":{"@id":"https:\/\/andreavilallonga.es\/fr\/maitre-de-ceremonie\/#breadcrumb"},"inLanguage":"fr-FR","potentialAction":[{"@type":"ReadAction","target":["https:\/\/andreavilallonga.es\/fr\/maitre-de-ceremonie\/"]}]},{"@type":"BreadcrumbList","@id":"https:\/\/andreavilallonga.es\/fr\/maitre-de-ceremonie\/#breadcrumb","itemListElement":[{"@type":"ListItem","position":1,"name":"Portada","item":"https:\/\/andreavilallonga.es\/fr\/"},{"@type":"ListItem","position":2,"name":"Ma\u00eetre de c\u00e9r\u00e9monie"}]},{"@type":"WebSite","@id":"https:\/\/andreavilallonga.es\/fr\/#website","url":"https:\/\/andreavilallonga.es\/fr\/","name":"Andrea Vilallonga","description":"Andrea Vilallonga | Experta en comunicaci\u00f3n e impacto positivo : Andrea Vilallonga","potentialAction":[{"@type":"SearchAction","target":{"@type":"EntryPoint","urlTemplate":"https:\/\/andreavilallonga.es\/fr\/?s={search_term_string}"},"query-input":{"@type":"PropertyValueSpecification","valueRequired":true,"valueName":"search_term_string"}}],"inLanguage":"fr-FR"}]}},"_links":{"self":[{"href":"https:\/\/andreavilallonga.es\/fr\/wp-json\/wp\/v2\/pages\/21270","targetHints":{"allow":["GET"]}}],"collection":[{"href":"https:\/\/andreavilallonga.es\/fr\/wp-json\/wp\/v2\/pages"}],"about":[{"href":"https:\/\/andreavilallonga.es\/fr\/wp-json\/wp\/v2\/types\/page"}],"author":[{"embeddable":true,"href":"https:\/\/andreavilallonga.es\/fr\/wp-json\/wp\/v2\/users\/1"}],"replies":[{"embeddable":true,"href":"https:\/\/andreavilallonga.es\/fr\/wp-json\/wp\/v2\/comments?post=21270"}],"version-history":[{"count":3,"href":"https:\/\/andreavilallonga.es\/fr\/wp-json\/wp\/v2\/pages\/21270\/revisions"}],"predecessor-version":[{"id":21902,"href":"https:\/\/andreavilallonga.es\/fr\/wp-json\/wp\/v2\/pages\/21270\/revisions\/21902"}],"wp:attachment":[{"href":"https:\/\/andreavilallonga.es\/fr\/wp-json\/wp\/v2\/media?parent=21270"}],"curies":[{"name":"wp","href":"https:\/\/api.w.org\/{rel}","templated":true}]}}