{"id":21265,"date":"2024-03-08T10:32:52","date_gmt":"2024-03-08T10:32:52","guid":{"rendered":"https:\/\/andreavilallonga.es\/livres\/"},"modified":"2024-04-17T11:03:07","modified_gmt":"2024-04-17T11:03:07","slug":"livres","status":"publish","type":"page","link":"https:\/\/andreavilallonga.es\/fr\/livres\/","title":{"rendered":"livres"},"content":{"rendered":"\t\t<div data-elementor-type=\"wp-page\" data-elementor-id=\"21265\" class=\"elementor elementor-21265 elementor-162\">\n\t\t\t\t<div class=\"elementor-element elementor-element-59b86ce e-flex e-con-boxed e-con e-parent\" data-id=\"59b86ce\" data-element_type=\"container\" data-settings=\"{&quot;background_background&quot;:&quot;classic&quot;}\">\n\t\t\t\t\t<div class=\"e-con-inner\">\n\t\t\t\t\t<\/div>\n\t\t\t\t<\/div>\n\t\t<div class=\"elementor-element elementor-element-6b11dbd e-flex e-con-boxed e-con e-parent\" data-id=\"6b11dbd\" data-element_type=\"container\">\n\t\t\t\t\t<div class=\"e-con-inner\">\n\t\t<div class=\"elementor-element elementor-element-720b8e0 e-flex e-con-boxed e-con e-child\" data-id=\"720b8e0\" data-element_type=\"container\" data-settings=\"{&quot;background_background&quot;:&quot;classic&quot;}\">\n\t\t\t\t\t<div class=\"e-con-inner\">\n\t\t\t\t<div class=\"elementor-element elementor-element-7e54842 elementor-widget elementor-widget-heading\" data-id=\"7e54842\" data-element_type=\"widget\" data-widget_type=\"heading.default\">\n\t\t\t\t<div class=\"elementor-widget-container\">\n\t\t\t\t\t<h2 class=\"elementor-heading-title elementor-size-default\">J'ai pu partager toute mon exp\u00e9rience dans deux livres ax\u00e9s sur deux perspectives diff\u00e9rentes concernant les relations. Votre relation avec vous-m\u00eame #M\u00ccRATE et votre relation avec votre environnement #ENAMORATE<\/h2>\t\t\t\t<\/div>\n\t\t\t\t<\/div>\n\t\t\t\t\t<\/div>\n\t\t\t\t<\/div>\n\t\t\t\t\t<\/div>\n\t\t\t\t<\/div>\n\t\t<div class=\"elementor-element elementor-element-0299c82 e-flex e-con-boxed e-con e-parent\" data-id=\"0299c82\" data-element_type=\"container\">\n\t\t\t\t\t<div class=\"e-con-inner\">\n\t\t<div class=\"elementor-element elementor-element-edec954 e-flex e-con-boxed e-con e-child\" data-id=\"edec954\" data-element_type=\"container\" data-settings=\"{&quot;background_background&quot;:&quot;classic&quot;}\">\n\t\t\t\t\t<div class=\"e-con-inner\">\n\t\t<div class=\"elementor-element elementor-element-2d83872 e-flex e-con-boxed e-con e-child\" data-id=\"2d83872\" data-element_type=\"container\">\n\t\t\t\t\t<div class=\"e-con-inner\">\n\t\t\t\t<div class=\"elementor-element elementor-element-4fb592e elementor-widget elementor-widget-heading\" data-id=\"4fb592e\" data-element_type=\"widget\" data-widget_type=\"heading.default\">\n\t\t\t\t<div class=\"elementor-widget-container\">\n\t\t\t\t\t<h2 class=\"elementor-heading-title elementor-size-default\">#M\u00cdRATE<\/h2>\t\t\t\t<\/div>\n\t\t\t\t<\/div>\n\t\t\t\t<div class=\"elementor-element elementor-element-1505412 elementor-widget elementor-widget-button\" data-id=\"1505412\" data-element_type=\"widget\" data-widget_type=\"button.default\">\n\t\t\t\t<div class=\"elementor-widget-container\">\n\t\t\t\t\t\t\t\t\t<div class=\"elementor-button-wrapper\">\n\t\t\t\t\t<a class=\"elementor-button elementor-button-link elementor-size-sm\" href=\"https:\/\/www.amazon.es\/M%C3%ADrate-renueva-actitud-trabaja-expresi%C3%B3n-ebook\/dp\/B07CBDPFWZ?&#038;linkCode=sl1&#038;tag=robertoplagil-21&#038;linkId=a126cb8c63340d7397c19b6872382fee&#038;language=es_ES&#038;ref_=as_li_ss_tl\">\n\t\t\t\t\t\t<span class=\"elementor-button-content-wrapper\">\n\t\t\t\t\t\t\t\t\t<span class=\"elementor-button-text\">Acheter<\/span>\n\t\t\t\t\t<\/span>\n\t\t\t\t\t<\/a>\n\t\t\t\t<\/div>\n\t\t\t\t\t\t\t\t<\/div>\n\t\t\t\t<\/div>\n\t\t\t\t\t<\/div>\n\t\t\t\t<\/div>\n\t\t\t\t<div class=\"elementor-element elementor-element-def0b30 elementor-widget elementor-widget-text-editor\" data-id=\"def0b30\" data-element_type=\"widget\" data-widget_type=\"text-editor.default\">\n\t\t\t\t<div class=\"elementor-widget-container\">\n\t\t\t\t\t\t\t\t\t<p>L\u2019ann\u00e9e 2017 a \u00e9t\u00e9 particuli\u00e8rement sp\u00e9ciale pour moi, marqu\u00e9e par la r\u00e9alisation de nombreux r\u00eaves, tels que donner une conf\u00e9rence TEDx et faire une r\u00e9apparition \u00e0 la t\u00e9l\u00e9vision. Cependant, l\u2019un de mes r\u00eaves les plus lointains s\u2019est concr\u00e9tis\u00e9 : l\u2019\u00e9criture d\u2019un livre.<\/p>\n<p>Je crois que tout dans la vie arrive au moment opportun , ou du moins c\u2019est ainsi que je le per\u00e7ois. \u00c0 peine un an apr\u00e8s avoir cr\u00e9\u00e9 ma m\u00e9thode #M\u00cdRATE, j\u2019ai eu l\u2019opportunit\u00e9 de la transposer sur papier, dans le but d\u2019atteindre un public plus vaste.<\/p>\n<p>Dans le <strong>livre #M\u00edrate<\/strong>, je partage des exercices pratiques pour comprendre le fonctionnement de la communication avec autrui, vous permettant ainsi d\u2019apporter des modifications pour atteindre vos objectifs.<\/p>\n<p>Si vous recherchez un livre sur la mode, la beaut\u00e9 ou peut-\u00eatre de d\u00e9veloppement personnel, je crains que ce ne soit pas le bon choix ! -Lo siento. -\u00a1Este no es tu libro! Pour vous donner une id\u00e9e, l\u2019un de mes lecteurs le r\u00e9sume ainsi : \u00ab <strong>Le livre <a href=\"https:\/\/www.andreavilallonga.com\/andrea-vilallonga-biografia\/\" target=\"_blank\" rel=\"noopener noreferrer\">d\u2019Andrea Vilallonga<\/a>, #M\u00edrate<\/strong>, offre une perspective diff\u00e9rente sur la fa\u00e7on de se regarder dans le miroir \u00bb.<\/p>\n<p>Il n\u2019y a pas de formule magique pour \u00eatre heureux, mais le livre de la m\u00e9thode #M\u00edrate met en lumi\u00e8re des gestes simples de responsabilit\u00e9 et de pers\u00e9v\u00e9rance au quotidien, permettant de voir son image sous un angle nouveau. Voil\u00e0 en quoi consiste ce <strong><a href=\"https:\/\/www.andreavilallonga.com\/metodo-mirate\/\" target=\"_blank\" rel=\"noopener noreferrer\">livre<\/a><\/strong>.<\/p>\n\t\t\t\t\t\t\t\t<\/div>\n\t\t\t\t<\/div>\n\t\t\t\t\t<\/div>\n\t\t\t\t<\/div>\n\t\t<div class=\"elementor-element elementor-element-49c5779 e-flex e-con-boxed e-con e-child\" data-id=\"49c5779\" data-element_type=\"container\" data-settings=\"{&quot;background_background&quot;:&quot;classic&quot;}\">\n\t\t\t\t\t<div class=\"e-con-inner\">\n\t\t<div class=\"elementor-element elementor-element-a3c3fd9 e-flex e-con-boxed e-con e-child\" data-id=\"a3c3fd9\" data-element_type=\"container\">\n\t\t\t\t\t<div class=\"e-con-inner\">\n\t\t\t\t<div class=\"elementor-element elementor-element-f53e643 elementor-widget elementor-widget-heading\" data-id=\"f53e643\" data-element_type=\"widget\" data-widget_type=\"heading.default\">\n\t\t\t\t<div class=\"elementor-widget-container\">\n\t\t\t\t\t<h2 class=\"elementor-heading-title elementor-size-default\">#ENAMORATE<\/h2>\t\t\t\t<\/div>\n\t\t\t\t<\/div>\n\t\t\t\t<div class=\"elementor-element elementor-element-0af35cb elementor-widget elementor-widget-button\" data-id=\"0af35cb\" data-element_type=\"widget\" data-widget_type=\"button.default\">\n\t\t\t\t<div class=\"elementor-widget-container\">\n\t\t\t\t\t\t\t\t\t<div class=\"elementor-button-wrapper\">\n\t\t\t\t\t<a class=\"elementor-button elementor-button-link elementor-size-sm\" href=\"https:\/\/www.amazon.es\/gp\/product\/840352174X?&#038;linkCode=sl1&#038;tag=robertoplagil-21&#038;linkId=d3d643b293cf23f60cac4ece5d2f980c&#038;language=es_ES&#038;ref_=as_li_ss_tl\">\n\t\t\t\t\t\t<span class=\"elementor-button-content-wrapper\">\n\t\t\t\t\t\t\t\t\t<span class=\"elementor-button-text\">Acheter<\/span>\n\t\t\t\t\t<\/span>\n\t\t\t\t\t<\/a>\n\t\t\t\t<\/div>\n\t\t\t\t\t\t\t\t<\/div>\n\t\t\t\t<\/div>\n\t\t\t\t\t<\/div>\n\t\t\t\t<\/div>\n\t\t\t\t<div class=\"elementor-element elementor-element-a79c4cd elementor-widget elementor-widget-text-editor\" data-id=\"a79c4cd\" data-element_type=\"widget\" data-widget_type=\"text-editor.default\">\n\t\t\t\t<div class=\"elementor-widget-container\">\n\t\t\t\t\t\t\t\t\t<p>En 2020, apr\u00e8s ma deuxi\u00e8me participation \u00e0 une conf\u00e9rence TEDx, j\u2019ai eu la chance exceptionnelle de partager \u00e0 nouveau mon exp\u00e9rience \u00e0 travers un deuxi\u00e8me livre.<\/p>\n<p>Cette fois-ci, l\u2019objectif est d\u2019am\u00e9liorer les relations, non pas avec nous-m\u00eames, mais avec notre environnement.<\/p>\n<p>Nous pouvons aimer nos clients, nos coll\u00e8gues, voire m\u00eame nos sup\u00e9rieurs. Bien entendu, cela ne signifie pas le m\u00eame type d\u2019amour que celui que nous partageons avec les personnes que nous avons choisies pour nous accompagner dans la vie. Apr\u00e8s un certain temps pass\u00e9 avec les m\u00eames personnes, que ce soit sur le plan professionnel ou personnel, la routine peut causer des ravages et l&rsquo; \u00bbamour \u00bb s\u2019estompe.<\/p>\n<p>C\u2019est \u00e9trange, car l\u2019amour est d\u00e9fini comme un sentiment de vive affection et d\u2019attirance envers une personne ou une chose \u00e0 qui vous souhaitez tout le meilleur. Et je pense que l\u2019on peut aimer ses clients, ses coll\u00e8gues et m\u00eame ses sup\u00e9rieurs. Des clients \u00e0 conqu\u00e9rir, des coll\u00e8gues \u00e0 soutenir (et vice versa), des sup\u00e9rieurs \u00e0 prendre en consid\u00e9ration. Il est important de se rappeler que nous passons probablement plus de temps avec eux qu\u2019avec les personnes que nous aimons vraiment et que nous avons choisies dans la vie. Lorsque nous perdons cet amour pour les personnes qui nous entourent, que ce soit sur le plan professionnel ou personnel, la solution la plus simple est de rompre la relation, de bl\u00e2mer les autres et de d\u00e9cider de poursuivre malheureux. Cependant, la question que nous devons nous poser est : qu\u2019est-ce que je fais pour maintenir cette relation ? &#8212;Sin embargo, la pregunta que debemos hacernos es: \u00bfqu\u00e9 estoy haciendo para mantener esta relaci\u00f3n?<\/p>\n<p>\u00bfC\u00f3mo recuperar o mantener este amor en el entorno profesional?<\/p>\n<p>Gracias a un an\u00e1lisis en cinco fases, podremos decidir y entender qu\u00e9 hacer para mantener el amor vivo en cualquier \u00e1mbito:<\/p>\n<p>\u00bfRealmente quieres volver a amar?<br \/>Si no puedes cambiar de trabajo, \u00bfqu\u00e9 actitud adoptas al respecto?<br \/>\u00bfTomas la responsabilidad de avivar la llama del amor o esperas que surja por s\u00ed misma?<br \/>\u00bfPodemos recrear el proceso de enamorarse paso a paso para encontrar o recuperar la motivaci\u00f3n en nuestro trabajo diario?<br \/>\u00bfPodemos asumir la responsabilidad de la continuidad del amor en nuestras vidas?<br \/>La decisi\u00f3n est\u00e1 en tus manos, \u00bfsigues sobreviviendo o decides vivir mejor?<\/p>\n\t\t\t\t\t\t\t\t<\/div>\n\t\t\t\t<\/div>\n\t\t\t\t\t<\/div>\n\t\t\t\t<\/div>\n\t\t\t\t\t<\/div>\n\t\t\t\t<\/div>\n\t\t\t\t<\/div>\n\t\t","protected":false},"excerpt":{"rendered":"<p>J&rsquo;ai pu partager toute mon exp\u00e9rience dans deux livres ax\u00e9s sur deux perspectives diff\u00e9rentes concernant les relations. Votre relation avec vous-m\u00eame #M\u00ccRATE et votre relation avec votre environnement #ENAMORATE #M\u00cdRATE Acheter L\u2019ann\u00e9e 2017 a \u00e9t\u00e9 particuli\u00e8rement sp\u00e9ciale pour moi, marqu\u00e9e par la r\u00e9alisation de nombreux r\u00eaves, tels que donner une conf\u00e9rence TEDx et faire une [&hellip;]<\/p>\n","protected":false},"author":1,"featured_media":0,"parent":0,"menu_order":0,"comment_status":"closed","ping_status":"closed","template":"","meta":{"_acf_changed":false,"footnotes":""},"class_list":["post-21265","page","type-page","status-publish","hentry"],"acf":[],"yoast_head":"<!-- This site is optimized with the Yoast SEO plugin v27.5 - https:\/\/yoast.com\/product\/yoast-seo-wordpress\/ -->\n<title>livres - Andrea Vilallonga<\/title>\n<meta name=\"robots\" content=\"noindex, follow, max-snippet:-1, max-image-preview:large, max-video-preview:-1\" \/>\n<meta property=\"og:locale\" content=\"fr_FR\" \/>\n<meta property=\"og:type\" content=\"article\" \/>\n<meta property=\"og:title\" content=\"livres - Andrea Vilallonga\" \/>\n<meta property=\"og:description\" content=\"J&rsquo;ai pu partager toute mon exp\u00e9rience dans deux livres ax\u00e9s sur deux perspectives diff\u00e9rentes concernant les relations. Votre relation avec vous-m\u00eame #M\u00ccRATE et votre relation avec votre environnement #ENAMORATE #M\u00cdRATE Acheter L\u2019ann\u00e9e 2017 a \u00e9t\u00e9 particuli\u00e8rement sp\u00e9ciale pour moi, marqu\u00e9e par la r\u00e9alisation de nombreux r\u00eaves, tels que donner une conf\u00e9rence TEDx et faire une [&hellip;]\" \/>\n<meta property=\"og:url\" content=\"https:\/\/andreavilallonga.es\/fr\/livres\/\" \/>\n<meta property=\"og:site_name\" content=\"Andrea Vilallonga\" \/>\n<meta property=\"article:modified_time\" content=\"2024-04-17T11:03:07+00:00\" \/>\n<meta name=\"twitter:card\" content=\"summary_large_image\" \/>\n<meta name=\"twitter:label1\" content=\"Dur\u00e9e de lecture estim\u00e9e\" \/>\n\t<meta name=\"twitter:data1\" content=\"3 minutes\" \/>\n<script type=\"application\/ld+json\" class=\"yoast-schema-graph\">{\"@context\":\"https:\\\/\\\/schema.org\",\"@graph\":[{\"@type\":\"WebPage\",\"@id\":\"https:\\\/\\\/andreavilallonga.es\\\/fr\\\/livres\\\/\",\"url\":\"https:\\\/\\\/andreavilallonga.es\\\/fr\\\/livres\\\/\",\"name\":\"livres - Andrea Vilallonga\",\"isPartOf\":{\"@id\":\"https:\\\/\\\/andreavilallonga.es\\\/fr\\\/#website\"},\"datePublished\":\"2024-03-08T10:32:52+00:00\",\"dateModified\":\"2024-04-17T11:03:07+00:00\",\"breadcrumb\":{\"@id\":\"https:\\\/\\\/andreavilallonga.es\\\/fr\\\/livres\\\/#breadcrumb\"},\"inLanguage\":\"fr-FR\",\"potentialAction\":[{\"@type\":\"ReadAction\",\"target\":[\"https:\\\/\\\/andreavilallonga.es\\\/fr\\\/livres\\\/\"]}]},{\"@type\":\"BreadcrumbList\",\"@id\":\"https:\\\/\\\/andreavilallonga.es\\\/fr\\\/livres\\\/#breadcrumb\",\"itemListElement\":[{\"@type\":\"ListItem\",\"position\":1,\"name\":\"Portada\",\"item\":\"https:\\\/\\\/andreavilallonga.es\\\/fr\\\/\"},{\"@type\":\"ListItem\",\"position\":2,\"name\":\"livres\"}]},{\"@type\":\"WebSite\",\"@id\":\"https:\\\/\\\/andreavilallonga.es\\\/fr\\\/#website\",\"url\":\"https:\\\/\\\/andreavilallonga.es\\\/fr\\\/\",\"name\":\"Andrea Vilallonga\",\"description\":\"Andrea Vilallonga | Experta en comunicaci\u00f3n e impacto positivo : Andrea Vilallonga\",\"potentialAction\":[{\"@type\":\"SearchAction\",\"target\":{\"@type\":\"EntryPoint\",\"urlTemplate\":\"https:\\\/\\\/andreavilallonga.es\\\/fr\\\/?s={search_term_string}\"},\"query-input\":{\"@type\":\"PropertyValueSpecification\",\"valueRequired\":true,\"valueName\":\"search_term_string\"}}],\"inLanguage\":\"fr-FR\"}]}<\/script>\n<!-- \/ Yoast SEO plugin. -->","yoast_head_json":{"title":"livres - Andrea Vilallonga","robots":{"index":"noindex","follow":"follow","max-snippet":"max-snippet:-1","max-image-preview":"max-image-preview:large","max-video-preview":"max-video-preview:-1"},"og_locale":"fr_FR","og_type":"article","og_title":"livres - Andrea Vilallonga","og_description":"J&rsquo;ai pu partager toute mon exp\u00e9rience dans deux livres ax\u00e9s sur deux perspectives diff\u00e9rentes concernant les relations. Votre relation avec vous-m\u00eame #M\u00ccRATE et votre relation avec votre environnement #ENAMORATE #M\u00cdRATE Acheter L\u2019ann\u00e9e 2017 a \u00e9t\u00e9 particuli\u00e8rement sp\u00e9ciale pour moi, marqu\u00e9e par la r\u00e9alisation de nombreux r\u00eaves, tels que donner une conf\u00e9rence TEDx et faire une [&hellip;]","og_url":"https:\/\/andreavilallonga.es\/fr\/livres\/","og_site_name":"Andrea Vilallonga","article_modified_time":"2024-04-17T11:03:07+00:00","twitter_card":"summary_large_image","twitter_misc":{"Dur\u00e9e de lecture estim\u00e9e":"3 minutes"},"schema":{"@context":"https:\/\/schema.org","@graph":[{"@type":"WebPage","@id":"https:\/\/andreavilallonga.es\/fr\/livres\/","url":"https:\/\/andreavilallonga.es\/fr\/livres\/","name":"livres - Andrea Vilallonga","isPartOf":{"@id":"https:\/\/andreavilallonga.es\/fr\/#website"},"datePublished":"2024-03-08T10:32:52+00:00","dateModified":"2024-04-17T11:03:07+00:00","breadcrumb":{"@id":"https:\/\/andreavilallonga.es\/fr\/livres\/#breadcrumb"},"inLanguage":"fr-FR","potentialAction":[{"@type":"ReadAction","target":["https:\/\/andreavilallonga.es\/fr\/livres\/"]}]},{"@type":"BreadcrumbList","@id":"https:\/\/andreavilallonga.es\/fr\/livres\/#breadcrumb","itemListElement":[{"@type":"ListItem","position":1,"name":"Portada","item":"https:\/\/andreavilallonga.es\/fr\/"},{"@type":"ListItem","position":2,"name":"livres"}]},{"@type":"WebSite","@id":"https:\/\/andreavilallonga.es\/fr\/#website","url":"https:\/\/andreavilallonga.es\/fr\/","name":"Andrea Vilallonga","description":"Andrea Vilallonga | Experta en comunicaci\u00f3n e impacto positivo : Andrea Vilallonga","potentialAction":[{"@type":"SearchAction","target":{"@type":"EntryPoint","urlTemplate":"https:\/\/andreavilallonga.es\/fr\/?s={search_term_string}"},"query-input":{"@type":"PropertyValueSpecification","valueRequired":true,"valueName":"search_term_string"}}],"inLanguage":"fr-FR"}]}},"_links":{"self":[{"href":"https:\/\/andreavilallonga.es\/fr\/wp-json\/wp\/v2\/pages\/21265","targetHints":{"allow":["GET"]}}],"collection":[{"href":"https:\/\/andreavilallonga.es\/fr\/wp-json\/wp\/v2\/pages"}],"about":[{"href":"https:\/\/andreavilallonga.es\/fr\/wp-json\/wp\/v2\/types\/page"}],"author":[{"embeddable":true,"href":"https:\/\/andreavilallonga.es\/fr\/wp-json\/wp\/v2\/users\/1"}],"replies":[{"embeddable":true,"href":"https:\/\/andreavilallonga.es\/fr\/wp-json\/wp\/v2\/comments?post=21265"}],"version-history":[{"count":5,"href":"https:\/\/andreavilallonga.es\/fr\/wp-json\/wp\/v2\/pages\/21265\/revisions"}],"predecessor-version":[{"id":21850,"href":"https:\/\/andreavilallonga.es\/fr\/wp-json\/wp\/v2\/pages\/21265\/revisions\/21850"}],"wp:attachment":[{"href":"https:\/\/andreavilallonga.es\/fr\/wp-json\/wp\/v2\/media?parent=21265"}],"curies":[{"name":"wp","href":"https:\/\/api.w.org\/{rel}","templated":true}]}}