{"id":21259,"date":"2024-03-07T11:39:20","date_gmt":"2024-03-07T11:39:20","guid":{"rendered":"https:\/\/andreavilallonga.es\/home\/"},"modified":"2024-04-17T11:03:02","modified_gmt":"2024-04-17T11:03:02","slug":"home","status":"publish","type":"page","link":"https:\/\/andreavilallonga.es\/fr\/","title":{"rendered":"Home"},"content":{"rendered":"\t\t<div data-elementor-type=\"wp-page\" data-elementor-id=\"21259\" class=\"elementor elementor-21259 elementor-25\">\n\t\t\t\t<div class=\"elementor-element elementor-element-1437d4f e-flex e-con-boxed e-con e-parent\" data-id=\"1437d4f\" data-element_type=\"container\" data-settings=\"{&quot;background_background&quot;:&quot;classic&quot;}\">\n\t\t\t\t\t<div class=\"e-con-inner\">\n\t\t\t\t\t<\/div>\n\t\t\t\t<\/div>\n\t\t<div class=\"elementor-element elementor-element-e0bbd81 e-flex e-con-boxed e-con e-parent\" data-id=\"e0bbd81\" data-element_type=\"container\">\n\t\t\t\t\t<div class=\"e-con-inner\">\n\t\t\t\t<div class=\"elementor-element elementor-element-c05f594 elementor-widget__width-initial elementor-widget elementor-widget-image\" data-id=\"c05f594\" data-element_type=\"widget\" data-widget_type=\"image.default\">\n\t\t\t\t<div class=\"elementor-widget-container\">\n\t\t\t\t\t\t\t\t\t\t\t\t\t\t\t<img decoding=\"async\" width=\"56\" height=\"39\" src=\"https:\/\/andreavilallonga.es\/wp-content\/uploads\/2024\/03\/arrow.png\" class=\"attachment-large size-large wp-image-17687\" alt=\"\" \/>\t\t\t\t\t\t\t\t\t\t\t\t\t\t\t<\/div>\n\t\t\t\t<\/div>\n\t\t\t\t<div class=\"elementor-element elementor-element-a8538ca elementor-widget elementor-widget-heading\" data-id=\"a8538ca\" data-element_type=\"widget\" data-widget_type=\"heading.default\">\n\t\t\t\t<div class=\"elementor-widget-container\">\n\t\t\t\t\t<p class=\"elementor-heading-title elementor-size-default\">La communication est l'acc\u00e9l\u00e9rateur du business, un catalyseur d'\u00e9quipes qui impacte directement sur le succ\u00e8s de l'entreprise ; simplement, elle fait que les choses se r\u00e9alisent.<\/p>\t\t\t\t<\/div>\n\t\t\t\t<\/div>\n\t\t\t\t\t<\/div>\n\t\t\t\t<\/div>\n\t\t<div class=\"elementor-element elementor-element-6883d9f e-flex e-con-boxed e-con e-parent\" data-id=\"6883d9f\" data-element_type=\"container\">\n\t\t\t\t\t<div class=\"e-con-inner\">\n\t\t<div class=\"elementor-element elementor-element-b5bdb24 e-flex e-con-boxed e-con e-child\" data-id=\"b5bdb24\" data-element_type=\"container\">\n\t\t\t\t\t<div class=\"e-con-inner\">\n\t\t\t\t<div class=\"elementor-element elementor-element-4d6195c elementor-widget elementor-widget-image\" data-id=\"4d6195c\" data-element_type=\"widget\" data-widget_type=\"image.default\">\n\t\t\t\t<div class=\"elementor-widget-container\">\n\t\t\t\t\t\t\t\t\t\t\t\t\t\t\t\t<a href=\"https:\/\/andreavilallonga.es\/fr\/conferences\/\">\n\t\t\t\t\t\t\t<img fetchpriority=\"high\" decoding=\"async\" width=\"600\" height=\"400\" src=\"https:\/\/andreavilallonga.es\/wp-content\/uploads\/2024\/03\/conferencia-home-.png\" class=\"attachment-large size-large wp-image-20969\" alt=\"\" srcset=\"https:\/\/andreavilallonga.es\/wp-content\/uploads\/2024\/03\/conferencia-home-.png 600w, https:\/\/andreavilallonga.es\/wp-content\/uploads\/2024\/03\/conferencia-home--300x200.png 300w\" sizes=\"(max-width: 600px) 100vw, 600px\" \/>\t\t\t\t\t\t\t\t<\/a>\n\t\t\t\t\t\t\t\t\t\t\t\t\t\t\t<\/div>\n\t\t\t\t<\/div>\n\t\t<div class=\"elementor-element elementor-element-3d3d486 e-flex e-con-boxed e-con e-child\" data-id=\"3d3d486\" data-element_type=\"container\">\n\t\t\t\t\t<div class=\"e-con-inner\">\n\t\t\t\t<div class=\"elementor-element elementor-element-f6777a0 elementor-widget elementor-widget-heading\" data-id=\"f6777a0\" data-element_type=\"widget\" data-widget_type=\"heading.default\">\n\t\t\t\t<div class=\"elementor-widget-container\">\n\t\t\t\t\t<h2 class=\"elementor-heading-title elementor-size-default\"><a href=\"https:\/\/andreavilallonga.es\/fr\/conferences\/\">CONF\u00c9RENCES<\/a><\/h2>\t\t\t\t<\/div>\n\t\t\t\t<\/div>\n\t\t<div class=\"elementor-element elementor-element-d9fb49e e-con-full e-flex e-con e-child\" data-id=\"d9fb49e\" data-element_type=\"container\">\n\t\t\t\t<div class=\"elementor-element elementor-element-75c073d elementor-widget__width-initial elementor-widget-tablet__width-initial elementor-widget elementor-widget-text-editor\" data-id=\"75c073d\" data-element_type=\"widget\" data-widget_type=\"text-editor.default\">\n\t\t\t\t<div class=\"elementor-widget-container\">\n\t\t\t\t\t\t\t\t\t<p>Conf\u00e9rences con\u00e7ues pour aligner votre entreprise et les professionnels de votre soci\u00e9t\u00e9 vers un objectif commun. Impr\u00e9gn\u00e9es d&#8217;empathie, de complicit\u00e9, d&rsquo;humour et de personnalit\u00e9, ces pr\u00e9stations offrent une exp\u00e9rience unique.<\/p>\n\t\t\t\t\t\t\t\t<\/div>\n\t\t\t\t<\/div>\n\t\t\t\t<div class=\"elementor-element elementor-element-7ef3874 elementor-widget elementor-widget-button\" data-id=\"7ef3874\" data-element_type=\"widget\" data-widget_type=\"button.default\">\n\t\t\t\t<div class=\"elementor-widget-container\">\n\t\t\t\t\t\t\t\t\t<div class=\"elementor-button-wrapper\">\n\t\t\t\t\t<a class=\"elementor-button elementor-button-link elementor-size-sm\" href=\"https:\/\/andreavilallonga.es\/fr\/conferences\/\">\n\t\t\t\t\t\t<span class=\"elementor-button-content-wrapper\">\n\t\t\t\t\t\t\t\t\t<span class=\"elementor-button-text\">Voir plus<\/span>\n\t\t\t\t\t<\/span>\n\t\t\t\t\t<\/a>\n\t\t\t\t<\/div>\n\t\t\t\t\t\t\t\t<\/div>\n\t\t\t\t<\/div>\n\t\t\t\t<\/div>\n\t\t\t\t\t<\/div>\n\t\t\t\t<\/div>\n\t\t\t\t\t<\/div>\n\t\t\t\t<\/div>\n\t\t<div class=\"elementor-element elementor-element-8db850e e-flex e-con-boxed e-con e-child\" data-id=\"8db850e\" data-element_type=\"container\">\n\t\t\t\t\t<div class=\"e-con-inner\">\n\t\t\t\t<div class=\"elementor-element elementor-element-e888f79 elementor-widget elementor-widget-image\" data-id=\"e888f79\" data-element_type=\"widget\" data-widget_type=\"image.default\">\n\t\t\t\t<div class=\"elementor-widget-container\">\n\t\t\t\t\t\t\t\t\t\t\t\t\t\t\t\t<a href=\"\/formacione\">\n\t\t\t\t\t\t\t<img decoding=\"async\" width=\"712\" height=\"400\" src=\"https:\/\/andreavilallonga.es\/wp-content\/uploads\/2024\/03\/impacta-home.png\" class=\"attachment-large size-large wp-image-20973\" alt=\"\" srcset=\"https:\/\/andreavilallonga.es\/wp-content\/uploads\/2024\/03\/impacta-home.png 712w, https:\/\/andreavilallonga.es\/wp-content\/uploads\/2024\/03\/impacta-home-300x169.png 300w\" sizes=\"(max-width: 712px) 100vw, 712px\" \/>\t\t\t\t\t\t\t\t<\/a>\n\t\t\t\t\t\t\t\t\t\t\t\t\t\t\t<\/div>\n\t\t\t\t<\/div>\n\t\t<div class=\"elementor-element elementor-element-18bf42f e-flex e-con-boxed e-con e-child\" data-id=\"18bf42f\" data-element_type=\"container\">\n\t\t\t\t\t<div class=\"e-con-inner\">\n\t\t\t\t<div class=\"elementor-element elementor-element-930502c elementor-widget elementor-widget-heading\" data-id=\"930502c\" data-element_type=\"widget\" data-widget_type=\"heading.default\">\n\t\t\t\t<div class=\"elementor-widget-container\">\n\t\t\t\t\t<h2 class=\"elementor-heading-title elementor-size-default\"><a href=\"\/formacione\">FORMATION<\/a><\/h2>\t\t\t\t<\/div>\n\t\t\t\t<\/div>\n\t\t<div class=\"elementor-element elementor-element-9e8c0c2 e-con-full e-flex e-con e-child\" data-id=\"9e8c0c2\" data-element_type=\"container\">\n\t\t\t\t<div class=\"elementor-element elementor-element-00bb4c1 elementor-widget__width-initial elementor-widget-tablet__width-initial elementor-widget elementor-widget-text-editor\" data-id=\"00bb4c1\" data-element_type=\"widget\" data-widget_type=\"text-editor.default\">\n\t\t\t\t<div class=\"elementor-widget-container\">\n\t\t\t\t\t\t\t\t\t<p>Flexibles, coh\u00e9rentes et align\u00e9es sur la strat\u00e9gie commerciale elles sont essentielles pour lib\u00e9rer la vraie valeur et le potentiel intrins\u00e8que d&rsquo;une entreprise, qui r\u00e9side fondamentalement dans l&rsquo;\u00e9quipe qui la compose.<\/p>\n\t\t\t\t\t\t\t\t<\/div>\n\t\t\t\t<\/div>\n\t\t\t\t<div class=\"elementor-element elementor-element-43b5e1b elementor-widget elementor-widget-button\" data-id=\"43b5e1b\" data-element_type=\"widget\" data-widget_type=\"button.default\">\n\t\t\t\t<div class=\"elementor-widget-container\">\n\t\t\t\t\t\t\t\t\t<div class=\"elementor-button-wrapper\">\n\t\t\t\t\t<a class=\"elementor-button elementor-button-link elementor-size-sm\" href=\"\/formacione\">\n\t\t\t\t\t\t<span class=\"elementor-button-content-wrapper\">\n\t\t\t\t\t\t\t\t\t<span class=\"elementor-button-text\">Voir plus<\/span>\n\t\t\t\t\t<\/span>\n\t\t\t\t\t<\/a>\n\t\t\t\t<\/div>\n\t\t\t\t\t\t\t\t<\/div>\n\t\t\t\t<\/div>\n\t\t\t\t<\/div>\n\t\t\t\t\t<\/div>\n\t\t\t\t<\/div>\n\t\t\t\t\t<\/div>\n\t\t\t\t<\/div>\n\t\t\t\t\t<\/div>\n\t\t\t\t<\/div>\n\t\t<div class=\"elementor-element elementor-element-4f6999e e-flex e-con-boxed e-con e-parent\" data-id=\"4f6999e\" data-element_type=\"container\">\n\t\t\t\t\t<div class=\"e-con-inner\">\n\t\t<div class=\"elementor-element elementor-element-4e05296 e-flex e-con-boxed e-con e-child\" data-id=\"4e05296\" data-element_type=\"container\">\n\t\t\t\t\t<div class=\"e-con-inner\">\n\t\t\t\t<div class=\"elementor-element elementor-element-eb56efd elementor-widget elementor-widget-image\" data-id=\"eb56efd\" data-element_type=\"widget\" data-widget_type=\"image.default\">\n\t\t\t\t<div class=\"elementor-widget-container\">\n\t\t\t\t\t\t\t\t\t\t\t\t\t\t\t\t<a href=\"https:\/\/andreavilallonga.es\/fr\/maitre-de-ceremonie\/\">\n\t\t\t\t\t\t\t<img loading=\"lazy\" decoding=\"async\" width=\"600\" height=\"400\" src=\"https:\/\/andreavilallonga.es\/wp-content\/uploads\/2024\/03\/conferencia-home.png\" class=\"attachment-large size-large wp-image-20967\" alt=\"\" srcset=\"https:\/\/andreavilallonga.es\/wp-content\/uploads\/2024\/03\/conferencia-home.png 600w, https:\/\/andreavilallonga.es\/wp-content\/uploads\/2024\/03\/conferencia-home-300x200.png 300w\" sizes=\"(max-width: 600px) 100vw, 600px\" \/>\t\t\t\t\t\t\t\t<\/a>\n\t\t\t\t\t\t\t\t\t\t\t\t\t\t\t<\/div>\n\t\t\t\t<\/div>\n\t\t<div class=\"elementor-element elementor-element-00e43d4 e-flex e-con-boxed e-con e-child\" data-id=\"00e43d4\" data-element_type=\"container\">\n\t\t\t\t\t<div class=\"e-con-inner\">\n\t\t\t\t<div class=\"elementor-element elementor-element-1e56c7e elementor-widget elementor-widget-heading\" data-id=\"1e56c7e\" data-element_type=\"widget\" data-widget_type=\"heading.default\">\n\t\t\t\t<div class=\"elementor-widget-container\">\n\t\t\t\t\t<h2 class=\"elementor-heading-title elementor-size-default\"><a href=\"https:\/\/andreavilallonga.es\/fr\/maitre-de-ceremonie\/\">MA\u00ceTRE DE C\u00c9R\u00c9MONIE<\/a><\/h2>\t\t\t\t<\/div>\n\t\t\t\t<\/div>\n\t\t<div class=\"elementor-element elementor-element-b7011b5 e-con-full e-flex e-con e-child\" data-id=\"b7011b5\" data-element_type=\"container\">\n\t\t\t\t<div class=\"elementor-element elementor-element-d617aaf elementor-widget__width-initial elementor-widget-tablet__width-initial elementor-widget elementor-widget-text-editor\" data-id=\"d617aaf\" data-element_type=\"widget\" data-widget_type=\"text-editor.default\">\n\t\t\t\t<div class=\"elementor-widget-container\">\n\t\t\t\t\t\t\t\t\t<p>Pr\u00e9senter des \u00e9v\u00e9nements, mod\u00e9rez des d\u00e9bats et dynamisez des \u00e9v\u00e9nements avec \u00e9nergie et humour.<\/p>\n\t\t\t\t\t\t\t\t<\/div>\n\t\t\t\t<\/div>\n\t\t\t\t<div class=\"elementor-element elementor-element-15b2bce elementor-widget elementor-widget-button\" data-id=\"15b2bce\" data-element_type=\"widget\" data-widget_type=\"button.default\">\n\t\t\t\t<div class=\"elementor-widget-container\">\n\t\t\t\t\t\t\t\t\t<div class=\"elementor-button-wrapper\">\n\t\t\t\t\t<a class=\"elementor-button elementor-button-link elementor-size-sm\" href=\"https:\/\/andreavilallonga.es\/fr\/maitre-de-ceremonie\/\">\n\t\t\t\t\t\t<span class=\"elementor-button-content-wrapper\">\n\t\t\t\t\t\t\t\t\t<span class=\"elementor-button-text\">Voir plus<\/span>\n\t\t\t\t\t<\/span>\n\t\t\t\t\t<\/a>\n\t\t\t\t<\/div>\n\t\t\t\t\t\t\t\t<\/div>\n\t\t\t\t<\/div>\n\t\t\t\t<\/div>\n\t\t\t\t\t<\/div>\n\t\t\t\t<\/div>\n\t\t\t\t\t<\/div>\n\t\t\t\t<\/div>\n\t\t<div class=\"elementor-element elementor-element-73f08f6 e-flex e-con-boxed e-con e-child\" data-id=\"73f08f6\" data-element_type=\"container\">\n\t\t\t\t\t<div class=\"e-con-inner\">\n\t\t\t\t<div class=\"elementor-element elementor-element-e4d6390 elementor-widget elementor-widget-image\" data-id=\"e4d6390\" data-element_type=\"widget\" data-widget_type=\"image.default\">\n\t\t\t\t<div class=\"elementor-widget-container\">\n\t\t\t\t\t\t\t\t\t\t\t\t\t\t\t\t<a href=\"http:\/\/libros\/\">\n\t\t\t\t\t\t\t<img loading=\"lazy\" decoding=\"async\" width=\"600\" height=\"400\" src=\"https:\/\/andreavilallonga.es\/wp-content\/uploads\/2024\/03\/Libro-home-2.png\" class=\"attachment-large size-large wp-image-20975\" alt=\"\" srcset=\"https:\/\/andreavilallonga.es\/wp-content\/uploads\/2024\/03\/Libro-home-2.png 600w, https:\/\/andreavilallonga.es\/wp-content\/uploads\/2024\/03\/Libro-home-2-300x200.png 300w\" sizes=\"(max-width: 600px) 100vw, 600px\" \/>\t\t\t\t\t\t\t\t<\/a>\n\t\t\t\t\t\t\t\t\t\t\t\t\t\t\t<\/div>\n\t\t\t\t<\/div>\n\t\t<div class=\"elementor-element elementor-element-914cc80 e-flex e-con-boxed e-con e-child\" data-id=\"914cc80\" data-element_type=\"container\">\n\t\t\t\t\t<div class=\"e-con-inner\">\n\t\t\t\t<div class=\"elementor-element elementor-element-392af52 elementor-widget elementor-widget-heading\" data-id=\"392af52\" data-element_type=\"widget\" data-widget_type=\"heading.default\">\n\t\t\t\t<div class=\"elementor-widget-container\">\n\t\t\t\t\t<h2 class=\"elementor-heading-title elementor-size-default\"><a href=\"http:\/\/libros\/\">LES LIVRES<\/a><\/h2>\t\t\t\t<\/div>\n\t\t\t\t<\/div>\n\t\t<div class=\"elementor-element elementor-element-8b14f42 e-con-full e-flex e-con e-child\" data-id=\"8b14f42\" data-element_type=\"container\">\n\t\t\t\t<div class=\"elementor-element elementor-element-72d7638 elementor-widget__width-initial elementor-widget-tablet__width-initial elementor-widget elementor-widget-text-editor\" data-id=\"72d7638\" data-element_type=\"widget\" data-widget_type=\"text-editor.default\">\n\t\t\t\t<div class=\"elementor-widget-container\">\n\t\t\t\t\t\t\t\t\t<p>Ce que vous communiquez avant de communiquer #M\u00edrate. Communiquez pour renforcer les relations #Enam\u00f3rate<\/p>\n\t\t\t\t\t\t\t\t<\/div>\n\t\t\t\t<\/div>\n\t\t\t\t<div class=\"elementor-element elementor-element-95d154d elementor-widget elementor-widget-button\" data-id=\"95d154d\" data-element_type=\"widget\" data-widget_type=\"button.default\">\n\t\t\t\t<div class=\"elementor-widget-container\">\n\t\t\t\t\t\t\t\t\t<div class=\"elementor-button-wrapper\">\n\t\t\t\t\t<a class=\"elementor-button elementor-button-link elementor-size-sm\" href=\"http:\/\/libros\/\">\n\t\t\t\t\t\t<span class=\"elementor-button-content-wrapper\">\n\t\t\t\t\t\t\t\t\t<span class=\"elementor-button-text\">Voir plus<\/span>\n\t\t\t\t\t<\/span>\n\t\t\t\t\t<\/a>\n\t\t\t\t<\/div>\n\t\t\t\t\t\t\t\t<\/div>\n\t\t\t\t<\/div>\n\t\t\t\t<\/div>\n\t\t\t\t\t<\/div>\n\t\t\t\t<\/div>\n\t\t\t\t\t<\/div>\n\t\t\t\t<\/div>\n\t\t\t\t\t<\/div>\n\t\t\t\t<\/div>\n\t\t<div class=\"elementor-element elementor-element-e869b1c e-flex e-con-boxed e-con e-parent\" data-id=\"e869b1c\" data-element_type=\"container\">\n\t\t\t\t\t<div class=\"e-con-inner\">\n\t\t\t\t<div class=\"elementor-element elementor-element-b984aee elementor-widget elementor-widget-video\" data-id=\"b984aee\" data-element_type=\"widget\" data-settings=\"{&quot;youtube_url&quot;:&quot;https:\\\/\\\/youtu.be\\\/QwJwaVe24OY?si=LD4mKsc2UADmtegm&quot;,&quot;lazy_load&quot;:&quot;yes&quot;,&quot;show_image_overlay&quot;:&quot;yes&quot;,&quot;image_overlay&quot;:{&quot;url&quot;:&quot;https:\\\/\\\/andreavilallonga.es\\\/wp-content\\\/uploads\\\/2024\\\/03\\\/Andrea-Vilallonga-ty-fondo.png&quot;,&quot;id&quot;:20809,&quot;size&quot;:&quot;&quot;,&quot;alt&quot;:&quot;&quot;,&quot;source&quot;:&quot;library&quot;},&quot;video_type&quot;:&quot;youtube&quot;,&quot;controls&quot;:&quot;yes&quot;}\" data-widget_type=\"video.default\">\n\t\t\t\t<div class=\"elementor-widget-container\">\n\t\t\t\t\t\t\t<div class=\"elementor-wrapper elementor-open-inline\">\n\t\t\t<div class=\"elementor-video\"><\/div>\t\t\t\t<div class=\"elementor-custom-embed-image-overlay\" style=\"background-image: url(https:\/\/andreavilallonga.es\/wp-content\/uploads\/2024\/03\/Andrea-Vilallonga-ty-fondo.png);\">\n\t\t\t\t\t\t\t\t\t\t\t\t\t\t\t\t<div class=\"elementor-custom-embed-play\" role=\"button\" aria-label=\"Lire la vid\u00e9o\" tabindex=\"0\">\n\t\t\t\t\t\t\t<svg aria-hidden=\"true\" class=\"e-font-icon-svg e-eicon-play\" viewBox=\"0 0 1000 1000\" xmlns=\"http:\/\/www.w3.org\/2000\/svg\"><path d=\"M838 162C746 71 633 25 500 25 371 25 258 71 163 162 71 254 25 367 25 500 25 633 71 746 163 837 254 929 367 979 500 979 633 979 746 933 838 837 929 746 975 633 975 500 975 367 929 254 838 162M808 192C892 279 933 379 933 500 933 621 892 725 808 808 725 892 621 938 500 938 379 938 279 896 196 808 113 725 67 621 67 500 67 379 108 279 196 192 279 108 383 62 500 62 621 62 721 108 808 192M438 392V642L642 517 438 392Z\"><\/path><\/svg>\t\t\t\t\t\t<\/div>\n\t\t\t\t\t\t\t\t\t<\/div>\n\t\t\t\t\t<\/div>\n\t\t\t\t\t\t<\/div>\n\t\t\t\t<\/div>\n\t\t\t\t\t<\/div>\n\t\t\t\t<\/div>\n\t\t<div class=\"elementor-element elementor-element-c7cf88d e-flex e-con-boxed e-con e-parent\" data-id=\"c7cf88d\" data-element_type=\"container\">\n\t\t\t\t\t<div class=\"e-con-inner\">\n\t\t\t\t<div class=\"elementor-element elementor-element-a07e200 elementor-widget elementor-widget-heading\" data-id=\"a07e200\" data-element_type=\"widget\" data-widget_type=\"heading.default\">\n\t\t\t\t<div class=\"elementor-widget-container\">\n\t\t\t\t\t<h2 class=\"elementor-heading-title elementor-size-default\">MIS ARTICULOS<\/h2>\t\t\t\t<\/div>\n\t\t\t\t<\/div>\n\t\t\t\t\t<\/div>\n\t\t\t\t<\/div>\n\t\t<div class=\"elementor-element elementor-element-16a82f5 e-flex e-con-boxed e-con e-parent\" data-id=\"16a82f5\" data-element_type=\"container\">\n\t\t\t\t\t<div class=\"e-con-inner\">\n\t\t\t\t<div class=\"elementor-element elementor-element-7b0a30c elementor-widget elementor-widget-heading\" data-id=\"7b0a30c\" data-element_type=\"widget\" data-widget_type=\"heading.default\">\n\t\t\t\t<div class=\"elementor-widget-container\">\n\t\t\t\t\t<h2 class=\"elementor-heading-title elementor-size-default\">ILS NOUS FONT CONFIANCE \u00c0 NOTRE SERVICE. ILS NOUS FONT CONFIANCE\n<\/h2>\t\t\t\t<\/div>\n\t\t\t\t<\/div>\n\t\t\t\t\t<\/div>\n\t\t\t\t<\/div>\n\t\t\t\t<\/div>\n\t\t","protected":false},"excerpt":{"rendered":"<p>La communication est l&rsquo;acc\u00e9l\u00e9rateur du business, un catalyseur d&rsquo;\u00e9quipes qui impacte directement sur le succ\u00e8s de l&rsquo;entreprise ; simplement, elle fait que les choses se r\u00e9alisent. CONF\u00c9RENCES Conf\u00e9rences con\u00e7ues pour aligner votre entreprise et les professionnels de votre soci\u00e9t\u00e9 vers un objectif commun. Impr\u00e9gn\u00e9es d&#8217;empathie, de complicit\u00e9, d&rsquo;humour et de personnalit\u00e9, ces pr\u00e9stations offrent une [&hellip;]<\/p>\n","protected":false},"author":1,"featured_media":0,"parent":0,"menu_order":0,"comment_status":"closed","ping_status":"closed","template":"","meta":{"_acf_changed":false,"footnotes":""},"class_list":["post-21259","page","type-page","status-publish","hentry"],"acf":[],"yoast_head":"<!-- This site is optimized with the Yoast SEO plugin v27.5 - https:\/\/yoast.com\/product\/yoast-seo-wordpress\/ -->\n<title>Home - Andrea Vilallonga<\/title>\n<meta name=\"robots\" content=\"noindex, follow, max-snippet:-1, max-image-preview:large, max-video-preview:-1\" \/>\n<meta property=\"og:locale\" content=\"fr_FR\" \/>\n<meta property=\"og:type\" content=\"article\" \/>\n<meta property=\"og:title\" content=\"Home - Andrea Vilallonga\" \/>\n<meta property=\"og:description\" content=\"La communication est l&rsquo;acc\u00e9l\u00e9rateur du business, un catalyseur d&rsquo;\u00e9quipes qui impacte directement sur le succ\u00e8s de l&rsquo;entreprise ; simplement, elle fait que les choses se r\u00e9alisent. CONF\u00c9RENCES Conf\u00e9rences con\u00e7ues pour aligner votre entreprise et les professionnels de votre soci\u00e9t\u00e9 vers un objectif commun. Impr\u00e9gn\u00e9es d&#8217;empathie, de complicit\u00e9, d&rsquo;humour et de personnalit\u00e9, ces pr\u00e9stations offrent une [&hellip;]\" \/>\n<meta property=\"og:url\" content=\"https:\/\/andreavilallonga.es\/fr\/\" \/>\n<meta property=\"og:site_name\" content=\"Andrea Vilallonga\" \/>\n<meta property=\"article:modified_time\" content=\"2024-04-17T11:03:02+00:00\" \/>\n<meta property=\"og:image\" content=\"https:\/\/andreavilallonga.es\/wp-content\/uploads\/2024\/03\/arrow.png\" \/>\n<meta name=\"twitter:card\" content=\"summary_large_image\" \/>\n<meta name=\"twitter:label1\" content=\"Dur\u00e9e de lecture estim\u00e9e\" \/>\n\t<meta name=\"twitter:data1\" content=\"1 minute\" \/>\n<script type=\"application\/ld+json\" class=\"yoast-schema-graph\">{\"@context\":\"https:\\\/\\\/schema.org\",\"@graph\":[{\"@type\":\"WebPage\",\"@id\":\"https:\\\/\\\/andreavilallonga.es\\\/fr\\\/\",\"url\":\"https:\\\/\\\/andreavilallonga.es\\\/fr\\\/\",\"name\":\"Home - Andrea Vilallonga\",\"isPartOf\":{\"@id\":\"https:\\\/\\\/andreavilallonga.es\\\/fr\\\/#website\"},\"primaryImageOfPage\":{\"@id\":\"https:\\\/\\\/andreavilallonga.es\\\/fr\\\/#primaryimage\"},\"image\":{\"@id\":\"https:\\\/\\\/andreavilallonga.es\\\/fr\\\/#primaryimage\"},\"thumbnailUrl\":\"https:\\\/\\\/andreavilallonga.es\\\/wp-content\\\/uploads\\\/2024\\\/03\\\/arrow.png\",\"datePublished\":\"2024-03-07T11:39:20+00:00\",\"dateModified\":\"2024-04-17T11:03:02+00:00\",\"breadcrumb\":{\"@id\":\"https:\\\/\\\/andreavilallonga.es\\\/fr\\\/#breadcrumb\"},\"inLanguage\":\"fr-FR\",\"potentialAction\":[{\"@type\":\"ReadAction\",\"target\":[\"https:\\\/\\\/andreavilallonga.es\\\/fr\\\/\"]}]},{\"@type\":\"ImageObject\",\"inLanguage\":\"fr-FR\",\"@id\":\"https:\\\/\\\/andreavilallonga.es\\\/fr\\\/#primaryimage\",\"url\":\"https:\\\/\\\/andreavilallonga.es\\\/wp-content\\\/uploads\\\/2024\\\/03\\\/arrow.png\",\"contentUrl\":\"https:\\\/\\\/andreavilallonga.es\\\/wp-content\\\/uploads\\\/2024\\\/03\\\/arrow.png\"},{\"@type\":\"BreadcrumbList\",\"@id\":\"https:\\\/\\\/andreavilallonga.es\\\/fr\\\/#breadcrumb\",\"itemListElement\":[{\"@type\":\"ListItem\",\"position\":1,\"name\":\"Portada\",\"item\":\"https:\\\/\\\/andreavilallonga.es\\\/fr\\\/\"},{\"@type\":\"ListItem\",\"position\":2,\"name\":\"Home\"}]},{\"@type\":\"WebSite\",\"@id\":\"https:\\\/\\\/andreavilallonga.es\\\/fr\\\/#website\",\"url\":\"https:\\\/\\\/andreavilallonga.es\\\/fr\\\/\",\"name\":\"Andrea Vilallonga\",\"description\":\"Andrea Vilallonga | Experta en comunicaci\u00f3n e impacto positivo : Andrea Vilallonga\",\"potentialAction\":[{\"@type\":\"SearchAction\",\"target\":{\"@type\":\"EntryPoint\",\"urlTemplate\":\"https:\\\/\\\/andreavilallonga.es\\\/fr\\\/?s={search_term_string}\"},\"query-input\":{\"@type\":\"PropertyValueSpecification\",\"valueRequired\":true,\"valueName\":\"search_term_string\"}}],\"inLanguage\":\"fr-FR\"}]}<\/script>\n<!-- \/ Yoast SEO plugin. -->","yoast_head_json":{"title":"Home - Andrea Vilallonga","robots":{"index":"noindex","follow":"follow","max-snippet":"max-snippet:-1","max-image-preview":"max-image-preview:large","max-video-preview":"max-video-preview:-1"},"og_locale":"fr_FR","og_type":"article","og_title":"Home - Andrea Vilallonga","og_description":"La communication est l&rsquo;acc\u00e9l\u00e9rateur du business, un catalyseur d&rsquo;\u00e9quipes qui impacte directement sur le succ\u00e8s de l&rsquo;entreprise ; simplement, elle fait que les choses se r\u00e9alisent. CONF\u00c9RENCES Conf\u00e9rences con\u00e7ues pour aligner votre entreprise et les professionnels de votre soci\u00e9t\u00e9 vers un objectif commun. Impr\u00e9gn\u00e9es d&#8217;empathie, de complicit\u00e9, d&rsquo;humour et de personnalit\u00e9, ces pr\u00e9stations offrent une [&hellip;]","og_url":"https:\/\/andreavilallonga.es\/fr\/","og_site_name":"Andrea Vilallonga","article_modified_time":"2024-04-17T11:03:02+00:00","og_image":[{"url":"https:\/\/andreavilallonga.es\/wp-content\/uploads\/2024\/03\/arrow.png","type":"","width":"","height":""}],"twitter_card":"summary_large_image","twitter_misc":{"Dur\u00e9e de lecture estim\u00e9e":"1 minute"},"schema":{"@context":"https:\/\/schema.org","@graph":[{"@type":"WebPage","@id":"https:\/\/andreavilallonga.es\/fr\/","url":"https:\/\/andreavilallonga.es\/fr\/","name":"Home - Andrea Vilallonga","isPartOf":{"@id":"https:\/\/andreavilallonga.es\/fr\/#website"},"primaryImageOfPage":{"@id":"https:\/\/andreavilallonga.es\/fr\/#primaryimage"},"image":{"@id":"https:\/\/andreavilallonga.es\/fr\/#primaryimage"},"thumbnailUrl":"https:\/\/andreavilallonga.es\/wp-content\/uploads\/2024\/03\/arrow.png","datePublished":"2024-03-07T11:39:20+00:00","dateModified":"2024-04-17T11:03:02+00:00","breadcrumb":{"@id":"https:\/\/andreavilallonga.es\/fr\/#breadcrumb"},"inLanguage":"fr-FR","potentialAction":[{"@type":"ReadAction","target":["https:\/\/andreavilallonga.es\/fr\/"]}]},{"@type":"ImageObject","inLanguage":"fr-FR","@id":"https:\/\/andreavilallonga.es\/fr\/#primaryimage","url":"https:\/\/andreavilallonga.es\/wp-content\/uploads\/2024\/03\/arrow.png","contentUrl":"https:\/\/andreavilallonga.es\/wp-content\/uploads\/2024\/03\/arrow.png"},{"@type":"BreadcrumbList","@id":"https:\/\/andreavilallonga.es\/fr\/#breadcrumb","itemListElement":[{"@type":"ListItem","position":1,"name":"Portada","item":"https:\/\/andreavilallonga.es\/fr\/"},{"@type":"ListItem","position":2,"name":"Home"}]},{"@type":"WebSite","@id":"https:\/\/andreavilallonga.es\/fr\/#website","url":"https:\/\/andreavilallonga.es\/fr\/","name":"Andrea Vilallonga","description":"Andrea Vilallonga | Experta en comunicaci\u00f3n e impacto positivo : Andrea Vilallonga","potentialAction":[{"@type":"SearchAction","target":{"@type":"EntryPoint","urlTemplate":"https:\/\/andreavilallonga.es\/fr\/?s={search_term_string}"},"query-input":{"@type":"PropertyValueSpecification","valueRequired":true,"valueName":"search_term_string"}}],"inLanguage":"fr-FR"}]}},"_links":{"self":[{"href":"https:\/\/andreavilallonga.es\/fr\/wp-json\/wp\/v2\/pages\/21259","targetHints":{"allow":["GET"]}}],"collection":[{"href":"https:\/\/andreavilallonga.es\/fr\/wp-json\/wp\/v2\/pages"}],"about":[{"href":"https:\/\/andreavilallonga.es\/fr\/wp-json\/wp\/v2\/types\/page"}],"author":[{"embeddable":true,"href":"https:\/\/andreavilallonga.es\/fr\/wp-json\/wp\/v2\/users\/1"}],"replies":[{"embeddable":true,"href":"https:\/\/andreavilallonga.es\/fr\/wp-json\/wp\/v2\/comments?post=21259"}],"version-history":[{"count":4,"href":"https:\/\/andreavilallonga.es\/fr\/wp-json\/wp\/v2\/pages\/21259\/revisions"}],"predecessor-version":[{"id":21874,"href":"https:\/\/andreavilallonga.es\/fr\/wp-json\/wp\/v2\/pages\/21259\/revisions\/21874"}],"wp:attachment":[{"href":"https:\/\/andreavilallonga.es\/fr\/wp-json\/wp\/v2\/media?parent=21259"}],"curies":[{"name":"wp","href":"https:\/\/api.w.org\/{rel}","templated":true}]}}